{"id":2932,"date":"2021-06-29T14:23:03","date_gmt":"2021-06-29T12:23:03","guid":{"rendered":"https:\/\/dietkirchen.info\/?page_id=2932"},"modified":"2021-08-22T14:30:02","modified_gmt":"2021-08-22T12:30:02","slug":"denkmaeler-des-gefangenenfriedhofes","status":"publish","type":"page","link":"https:\/\/dietkirchen.info\/en\/denkmaeler-des-gefangenenfriedhofes","title":{"rendered":"Monuments of the prisoners cemetery"},"content":{"rendered":"<h2>Monuments of the prisoners cemetery<\/h2>\n<p>The path through the park-like grounds shows us various monuments of the POW cemetery. Taking the first steps across the prisoners&#8217; cemetery, one notices relatively quickly the Celtic high cross that stands to the right of the path laid out of stone slabs.<\/p>\n<p>A few steps further you come to a monument made of red sandstone, which, after a quick skim of the engraved text, you can easily recognize as a monument to the Russian prisoners of war.<\/p>\n<p>If one knows that the cemetery is also called French cemetery in the language of the village Dietkirchen, one is surprised that there is no monument for the French fallen. In the following it is shown that there was also a French monument.<\/p>\n<p>This page gives an overview of the technical data and the construction data of the monuments.<\/p>\n<figure>\n\t\t\t\t\t\t\t\t\t\t\t<a href=\"https:\/\/dietkirchen.info\/wp-content\/uploads\/0013-a-ir-Denkmal-v.jpg\" data-elementor-open-lightbox=\"yes\" data-elementor-lightbox-title=\"0013-a-ir-Denkmal-v\"><br \/>\n\t\t\t\t\t\t\t<img decoding=\"async\" width=\"198\" height=\"300\" src=\"https:\/\/dietkirchen.info\/wp-content\/uploads\/0013-a-ir-Denkmal-v-198x300.jpg\" alt=\"\" loading=\"lazy\" srcset=\"https:\/\/dietkirchen.info\/wp-content\/uploads\/0013-a-ir-Denkmal-v-198x300.jpg 198w, https:\/\/dietkirchen.info\/wp-content\/uploads\/0013-a-ir-Denkmal-v-674x1024.jpg 674w, https:\/\/dietkirchen.info\/wp-content\/uploads\/0013-a-ir-Denkmal-v-768x1166.jpg 768w, https:\/\/dietkirchen.info\/wp-content\/uploads\/0013-a-ir-Denkmal-v-1011x1536.jpg 1011w, https:\/\/dietkirchen.info\/wp-content\/uploads\/0013-a-ir-Denkmal-v.jpg 1097w\" sizes=\"auto, (max-width: 198px) 100vw, 198px\" \/>\t\t\t\t\t\t\t\t<\/a><figcaption>Irish Monument<\/figcaption><\/figure>\n<figure>\n\t\t\t\t\t\t\t\t\t\t\t<a href=\"https:\/\/dietkirchen.info\/wp-content\/uploads\/0015-a-fr-Denkmal-v.jpg\" data-elementor-open-lightbox=\"yes\" data-elementor-lightbox-title=\"0015-a-fr-Denkmal-v\"><br \/>\n\t\t\t\t\t\t\t<img decoding=\"async\" width=\"196\" height=\"300\" src=\"https:\/\/dietkirchen.info\/wp-content\/uploads\/0015-a-fr-Denkmal-v-196x300.jpg\" alt=\"\" loading=\"lazy\" srcset=\"https:\/\/dietkirchen.info\/wp-content\/uploads\/0015-a-fr-Denkmal-v-196x300.jpg 196w, https:\/\/dietkirchen.info\/wp-content\/uploads\/0015-a-fr-Denkmal-v-668x1024.jpg 668w, https:\/\/dietkirchen.info\/wp-content\/uploads\/0015-a-fr-Denkmal-v-768x1178.jpg 768w, https:\/\/dietkirchen.info\/wp-content\/uploads\/0015-a-fr-Denkmal-v-1002x1536.jpg 1002w, https:\/\/dietkirchen.info\/wp-content\/uploads\/0015-a-fr-Denkmal-v.jpg 1082w\" sizes=\"auto, (max-width: 196px) 100vw, 196px\" \/>\t\t\t\t\t\t\t\t<\/a><figcaption>Frensh Monument<\/figcaption><\/figure>\n<figure>\n\t\t\t\t\t\t\t\t\t\t\t<a href=\"https:\/\/dietkirchen.info\/wp-content\/uploads\/Russisches-Denkmal_HPIM1353.jpg\" data-elementor-open-lightbox=\"yes\" data-elementor-lightbox-title=\"Russisches Denkmal_HPIM1353\"><br \/>\n\t\t\t\t\t\t\t<img decoding=\"async\" width=\"256\" height=\"300\" src=\"https:\/\/dietkirchen.info\/wp-content\/uploads\/Russisches-Denkmal_HPIM1353-256x300.jpg\" alt=\"\" loading=\"lazy\" srcset=\"https:\/\/dietkirchen.info\/wp-content\/uploads\/Russisches-Denkmal_HPIM1353-256x300.jpg 256w, https:\/\/dietkirchen.info\/wp-content\/uploads\/Russisches-Denkmal_HPIM1353.jpg 734w\" sizes=\"auto, (max-width: 256px) 100vw, 256px\" \/>\t\t\t\t\t\t\t\t<\/a><figcaption>Russian Monument<\/figcaption><\/figure>\n<h3>Irish prisoner of war memorial<\/h3>\n<p>The Irish prisoners of war from the World War I prison camp were the first to erect a memorial to their comrades who died in the camp.<\/p>\n<p>The memorial was consecrated at Pentecost in 1917.<\/p>\n<p>Dimensions:<\/p>\n<p>Width: 1,60 m<br \/>Thickness: 0,50 m<br \/>Height: 3 m from the base of the cross<br \/>Material: sandstone<br \/>Architect: A. Meister from Bochum\/Westphalia<br \/>Execution: Master stonemason Johann Klein from M\u00fcnster\/Westphalia<\/p>\n<p>The school chronicle of Dietkirchen describes this monument very nicely.<\/p>\n<p><em>At Whitsun of this year the cemetery of the local prison camp received a magnificent decoration. The Irish prisoners who were in the camp last year donated a wonderful monument in strictly Romanesque style in loving memory of their comrades buried there.<\/em><\/p>\n<p><em>On a mighty base rises an enormous cross. From the base of the cross it measures 3 meters and is made of one piece. The width of the cross is 1.60 m, the thickness 0.50 m. It is made of sandstone.<\/em><br \/><em>In the center of the front you can see the image of the Crucified. At the top is the relief image of St. Patrik, the patron saint of Ireland. On the two arms of the cross there are two reliefs of saints. The image of the Savior has a powerful effect on the viewer.<\/em><br \/><em>On the back there are four Irish coats of arms: three crowns high above, the harp in the middle, the eagle with the sword on the left, an outstretched hand on the right.<\/em><br \/><em>All the images and reliefs are carved out of the stone.<\/em><br \/><em>On the back and the base are the 34 names of the Irish prisoners resting there.<\/em><br \/><em>An extremely symbolic relief is on the back of the lower part of the cross. The rising sun sends its rays, probably the hope of the Irish people. On a small chapel of the relief stands upright a small cross, indicating the help of God, a small falling cross symbolizes the deceptive hopes of this earth. The dog, as a symbol of vigilance, points to the future, the Irish people want to be vigilant, await the appropriate time of deliverance from long suffering.<\/em><\/p>\n<p><em>The design of this work is by Mr. Architect A. Meister in Bochum i. The execution by Mr. Johann Klein, master stonemason from M\u00fcnster i. W. The price is about 6000 M.<\/em><\/p>\n<p>Original german text from the school chronicle<\/p>\n<p><em>Zu Pfingsten d. Js. erhielt der Friedhof des hiesigen Gefangenenlagers einen herrlichen Schmuck. Die im vergangenen Jahre dahier im Lager befindlichen irischen Gefangenen haben in liebevollem Gedenken ihren dahier bestatteten Kameraden ein wunderbares in streng romanischem Stile ausgef\u00fchrtes Denkmal gestiftet.<\/em><\/p>\n<p><em>Auf m\u00e4chtigem Unterbau erhebt sich ein gewaltiges Kreuz. Vom Kreuzsockel an mi\u00dft dieses 3 m und ist selbiges aus einem St\u00fcck gearbeitet. Die Breite des Kreuzes betr\u00e4gt 1,60 m, die St\u00e4rke 0,50 m. Ausgef\u00fchrt ist es in Sandstein. <\/em><br \/><em>In der Mitte der Vorderseite erblickt man das Bild des Gekreuzigten. Am oberen Ende ist das Reliefbild des hl. Patrik, des Schutzpatrons von Irland. An den beiden Kreuzesarmen sind noch zwei Reliefs von Heiligen. Auf den Beschauer wirkt m\u00e4chtig das Bild des Heilandes. <\/em><br \/><em>Auf der R\u00fcckseite sieht man vier irische Wappen: hoch oben drei Kronen, in der Mitte die Harfe, links den Adler mit dem Schwert, rechts eine ausgestreckte Hand. <\/em><br \/><em>S\u00e4mtliche Bildwerke und Reliefs sind aus dem Steine herausgemei\u00dfelt. <\/em><br \/><em>Auf der R\u00fcckseite und dem Sockel stehen die 34 Namen der dahier ruhenden irischen Gefangenen. <\/em><br \/><em>Ein \u00e4u\u00dferst symbolisches Relief tr\u00e4gt auf der R\u00fcckseite der untere Teil des Kreuzes. Die aufgehende Sonne sendet ihre Strahlen, wohl die Hoffnung des irischen Volkes. An einer kleinen Kapelle des Reliefs steht aufrecht ein kleines Kreuz, hinweisend auf die Hilfe von Gott, ein kleines umfallendes Kreuz versinnbildet die tr\u00fcgerischen Hoffnungen dieser Erde. Der Hund, als Sinnbild der Wachsamkeit, zeigt auf die Zukunft, das irische Volk will wachsam sein, den geeigneten Zeitpunkt der Befreiung aus langem Leid erwarten. <\/em><\/p>\n<p><em>Der Entwurf dieses Werkes ist von Herrn Architekt A. Meister in Bochum i. W. Die Ausf\u00fchrung von Herrn Steinmetzmeister Johann Klein aus M\u00fcnster i. W. Der Preis betr\u00e4gt ungef\u00e4hr 6000 M.<\/em><\/p>\n<figure>\n\t\t\t\t\t\t\t\t\t\t\t<a href=\"https:\/\/dietkirchen.info\/wp-content\/uploads\/0013-a-ir-Denkmal-v.jpg\" data-elementor-open-lightbox=\"yes\" data-elementor-lightbox-title=\"0013-a-ir-Denkmal-v\"><br \/>\n\t\t\t\t\t\t\t<img decoding=\"async\" width=\"674\" height=\"1024\" src=\"https:\/\/dietkirchen.info\/wp-content\/uploads\/0013-a-ir-Denkmal-v-674x1024.jpg\" alt=\"\" loading=\"lazy\" srcset=\"https:\/\/dietkirchen.info\/wp-content\/uploads\/0013-a-ir-Denkmal-v-674x1024.jpg 674w, https:\/\/dietkirchen.info\/wp-content\/uploads\/0013-a-ir-Denkmal-v-198x300.jpg 198w, https:\/\/dietkirchen.info\/wp-content\/uploads\/0013-a-ir-Denkmal-v-768x1166.jpg 768w, https:\/\/dietkirchen.info\/wp-content\/uploads\/0013-a-ir-Denkmal-v-1011x1536.jpg 1011w, https:\/\/dietkirchen.info\/wp-content\/uploads\/0013-a-ir-Denkmal-v.jpg 1097w\" sizes=\"auto, (max-width: 674px) 100vw, 674px\" \/>\t\t\t\t\t\t\t\t<\/a><figcaption>Irish monument (Ludwig Ries postcard collection)<\/figcaption><\/figure>\n<h3>French memorial<\/h3>\n<p>The French prisoners of war also erected a monument for their comrades who died in the camp.<\/p>\n<p>Dimensions:<\/p>\n<p>Width: estimated approx. 2.50 m<br \/>Depth: estimated approx. 1,50 m<br \/>Height: estimated approx. 3,00 m<\/p>\n<p>Material: sandstone<br \/>Artist: Eduard Colomo (himself a prisoner in the camp)<\/p>\n<p>This monument is also described in the school chronicle of Dietkirchen.<\/p>\n<p><em>On August 3, 1918 the monument for the French prisoners of war who died in the local military hospital was solemnly inaugurated.<\/em><br \/><em>It was carved from Westphalian sandstone by French sculptors who were interned in the local camp. It is a naked male figure, standing on a high pedestal, looking upwards with his hand. It is generally regretted that the same does not correspond much to the Christian conception.<\/em><\/p>\n<p>Original text from the Dietkirchen chronicle:<\/p>\n<p><em>Am 3. August 1918 wurde das Denkmal f\u00fcr die im hiesigen Lazarett verstorbenen franz\u00f6sischen Kriegsgefangenen feierlich eingeweiht.<br \/><\/em><em>Dasselbe wurde von franz\u00f6sischen Bildhauern, die im hiesigen Lager interniert waren, aus westf\u00e4lischem Sandstein gehauen. Es ist eine nackte m\u00e4nnliche Figur, stehend auf hohem Sockel, welche Blick und Hand nach oben richtet. Allgemein bedauert man, da\u00df selbiges der christlichen Auffassung wenig entspricht.<\/em><\/p>\n<p>From the monument itself, at the close look over the cemetery and the knowledge about the monument, still a piece remained on the cemetery.<br \/>To the left above the grave of Captaine Hasne is the memorial plate that adorned the front center of the French memorial stone (see red mark on the postcard).<br \/>Also on the basis of this plate one can draw some conclusions about the presumed size of the memorial.<\/p>\n<p>Dimensions of the plate:<\/p>\n<ul>\n<li>Width: approx. 1.10 m<\/li>\n<li>Height: about 0,55 m<\/li>\n<li>Material: sandstone<\/li>\n<\/ul>\n<p>Unfortunately, so far no concrete information has been found as to when and why the French monument was dismantled and what, if anything, happened to the monument itself.<br \/>Was it smashed or was it moved in one piece to another place?<\/p>\n<figure>\n\t\t\t\t\t\t\t\t\t\t\t<a href=\"https:\/\/dietkirchen.info\/wp-content\/uploads\/IMG_7193-1.jpg\" data-elementor-open-lightbox=\"yes\" data-elementor-lightbox-title=\"IMG_7193\"><br \/>\n\t\t\t\t\t\t\t<img decoding=\"async\" width=\"768\" height=\"1024\" src=\"https:\/\/dietkirchen.info\/wp-content\/uploads\/IMG_7193-1-768x1024.jpg\" alt=\"\" loading=\"lazy\" srcset=\"https:\/\/dietkirchen.info\/wp-content\/uploads\/IMG_7193-1-768x1024.jpg 768w, https:\/\/dietkirchen.info\/wp-content\/uploads\/IMG_7193-1-225x300.jpg 225w, https:\/\/dietkirchen.info\/wp-content\/uploads\/IMG_7193-1-1152x1536.jpg 1152w, https:\/\/dietkirchen.info\/wp-content\/uploads\/IMG_7193-1.jpg 1512w\" sizes=\"auto, (max-width: 768px) 100vw, 768px\" \/>\t\t\t\t\t\t\t\t<\/a><figcaption>Inscription field of the former French monument at the prisoners&#8217; cemetery (photo Ludwig Ries)<\/figcaption><\/figure>\n<figure>\n\t\t\t\t\t\t\t\t\t\t\t<a href=\"https:\/\/dietkirchen.info\/wp-content\/uploads\/0015-a-fr-Denkmal-v-rahmen.jpg\" data-elementor-open-lightbox=\"yes\" data-elementor-lightbox-title=\"0015-a-fr-Denkmal-v-rahmen\"><br \/>\n\t\t\t\t\t\t\t<img decoding=\"async\" width=\"668\" height=\"1024\" src=\"https:\/\/dietkirchen.info\/wp-content\/uploads\/0015-a-fr-Denkmal-v-rahmen-668x1024.jpg\" alt=\"\" loading=\"lazy\" srcset=\"https:\/\/dietkirchen.info\/wp-content\/uploads\/0015-a-fr-Denkmal-v-rahmen-668x1024.jpg 668w, https:\/\/dietkirchen.info\/wp-content\/uploads\/0015-a-fr-Denkmal-v-rahmen-196x300.jpg 196w, https:\/\/dietkirchen.info\/wp-content\/uploads\/0015-a-fr-Denkmal-v-rahmen-768x1178.jpg 768w, https:\/\/dietkirchen.info\/wp-content\/uploads\/0015-a-fr-Denkmal-v-rahmen-1002x1536.jpg 1002w, https:\/\/dietkirchen.info\/wp-content\/uploads\/0015-a-fr-Denkmal-v-rahmen.jpg 1082w\" sizes=\"auto, (max-width: 668px) 100vw, 668px\" \/>\t\t\t\t\t\t\t\t<\/a><figcaption>French Monument (Postcard Collection Ludwig Ries)<\/figcaption><\/figure>\n<figure>\n\t\t\t\t\t\t\t\t\t\t\t<a href=\"https:\/\/dietkirchen.info\/wp-content\/uploads\/IMG_7192.jpg\" data-elementor-open-lightbox=\"yes\" data-elementor-lightbox-title=\"IMG_7192\"><br \/>\n\t\t\t\t\t\t\t<img decoding=\"async\" width=\"768\" height=\"1024\" src=\"https:\/\/dietkirchen.info\/wp-content\/uploads\/IMG_7192-768x1024.jpg\" alt=\"\" loading=\"lazy\" srcset=\"https:\/\/dietkirchen.info\/wp-content\/uploads\/IMG_7192-768x1024.jpg 768w, https:\/\/dietkirchen.info\/wp-content\/uploads\/IMG_7192-225x300.jpg 225w, https:\/\/dietkirchen.info\/wp-content\/uploads\/IMG_7192-1152x1536.jpg 1152w, https:\/\/dietkirchen.info\/wp-content\/uploads\/IMG_7192.jpg 1512w\" sizes=\"auto, (max-width: 768px) 100vw, 768px\" \/>\t\t\t\t\t\t\t\t<\/a><figcaption>photo Ludwig Ries<\/figcaption><\/figure>\n<h3>Russian prisoner of war memorial<\/h3>\n<p>The Russian war memorial is the youngest monument in the cemetery. According to unconfirmed sources it was erected in 1959 by the city of Limburg. Other sources state that it was erected by the Volksbund f\u00fcr Kriegsgr\u00e4berf\u00fcrsorge.<\/p>\n<p>Dimensions:<\/p>\n<p>Width: 0.85 m<br \/>Depth: 0,40 m<br \/>Height: 2,00 m<br \/>Material: red sandstone<br \/>Artist: unknown<\/p>\n<figure>\n\t\t\t\t\t\t\t\t\t\t<img decoding=\"async\" width=\"734\" height=\"860\" src=\"https:\/\/dietkirchen.info\/wp-content\/uploads\/Russisches-Denkmal_HPIM1353.jpg\" alt=\"\" loading=\"lazy\" srcset=\"https:\/\/dietkirchen.info\/wp-content\/uploads\/Russisches-Denkmal_HPIM1353.jpg 734w, https:\/\/dietkirchen.info\/wp-content\/uploads\/Russisches-Denkmal_HPIM1353-256x300.jpg 256w\" sizes=\"auto, (max-width: 734px) 100vw, 734px\" \/><figcaption>Russian war memorial at the prisoners&#8217; cemetery (photo Ludwig Ries)<\/figcaption><\/figure>\n<h3>Predecessor monument to today&#8217;s Russian war memorial<\/h3>\n<p>A query to the Volksbund Deutsche Kriegsgr\u00e4berf\u00fcrsorge e.V. (German War Graves Commission) by the author did not yield any further clarification on the erection of today&#8217;s Russian war memorial.<\/p>\n<p>However, the contact of 16.08.2021 provided the information that there had been a predecessor memorial.<\/p>\n<p>Unfortunately, there is no information about this monument, when it was erected and by whom, and when and why it was dismantled and replaced by the present monument. Based on the inscription, however, it can be assumed that it was erected after the Second World War. So apparently there was no memorial for the Russian dead of World War 1.<\/p>\n<p>According to the information from the German War Graves Commission (Volksbund Deutsche Kriegsgr\u00e4berf\u00fcrsorge e.V.), the picture was taken in 1959.<\/p>\n<p>The inscription translates roughly as:<\/p>\n<p style=\"text-align: center;\"><em><strong>Eternal memory of those murdered by fascism<\/strong><\/em><\/p>\n<figure>\n\t\t\t\t\t\t\t\t\t\t<img decoding=\"async\" width=\"722\" height=\"1024\" src=\"https:\/\/dietkirchen.info\/wp-content\/uploads\/Dietkirchen_Deutschland_Original_28844-722x1024.jpg\" alt=\"\" loading=\"lazy\" srcset=\"https:\/\/dietkirchen.info\/wp-content\/uploads\/Dietkirchen_Deutschland_Original_28844-722x1024.jpg 722w, https:\/\/dietkirchen.info\/wp-content\/uploads\/Dietkirchen_Deutschland_Original_28844-212x300.jpg 212w, https:\/\/dietkirchen.info\/wp-content\/uploads\/Dietkirchen_Deutschland_Original_28844-768x1089.jpg 768w, https:\/\/dietkirchen.info\/wp-content\/uploads\/Dietkirchen_Deutschland_Original_28844-1600x2268.jpg 1600w, https:\/\/dietkirchen.info\/wp-content\/uploads\/Dietkirchen_Deutschland_Original_28844-1084x1536.jpg 1084w, https:\/\/dietkirchen.info\/wp-content\/uploads\/Dietkirchen_Deutschland_Original_28844-1445x2048.jpg 1445w, https:\/\/dietkirchen.info\/wp-content\/uploads\/Dietkirchen_Deutschland_Original_28844-scaled.jpg 1806w\" sizes=\"auto, (max-width: 722px) 100vw, 722px\" \/><figcaption>Source: Email Volksbund Deutsche Kriegsgr\u00e4berf\u00fcrsorge e.V. from 16.08.2021 to publisher<\/figcaption><\/figure>\n","protected":false},"excerpt":{"rendered":"<p>Monuments of the prisoners cemetery The path through the park-like grounds shows us various monuments of the POW cemetery. Taking the first steps across the prisoners&#8217; cemetery, one notices relatively [&hellip;]<\/p>\n","protected":false},"author":1,"featured_media":0,"parent":0,"menu_order":0,"comment_status":"closed","ping_status":"closed","template":"","meta":{"ngg_post_thumbnail":0,"ocean_post_layout":"","ocean_both_sidebars_style":"","ocean_both_sidebars_content_width":0,"ocean_both_sidebars_sidebars_width":0,"ocean_sidebar":"0","ocean_second_sidebar":"0","ocean_disable_margins":"enable","ocean_add_body_class":"","ocean_shortcode_before_top_bar":"","ocean_shortcode_after_top_bar":"","ocean_shortcode_before_header":"","ocean_shortcode_after_header":"","ocean_has_shortcode":"","ocean_shortcode_after_title":"","ocean_shortcode_before_footer_widgets":"","ocean_shortcode_after_footer_widgets":"","ocean_shortcode_before_footer_bottom":"","ocean_shortcode_after_footer_bottom":"","ocean_display_top_bar":"default","ocean_display_header":"default","ocean_header_style":"","ocean_center_header_left_menu":"0","ocean_custom_header_template":"0","ocean_custom_logo":0,"ocean_custom_retina_logo":0,"ocean_custom_logo_max_width":0,"ocean_custom_logo_tablet_max_width":0,"ocean_custom_logo_mobile_max_width":0,"ocean_custom_logo_max_height":0,"ocean_custom_logo_tablet_max_height":0,"ocean_custom_logo_mobile_max_height":0,"ocean_header_custom_menu":"0","ocean_menu_typo_font_family":"0","ocean_menu_typo_font_subset":"","ocean_menu_typo_font_size":0,"ocean_menu_typo_font_size_tablet":0,"ocean_menu_typo_font_size_mobile":0,"ocean_menu_typo_font_size_unit":"px","ocean_menu_typo_font_weight":"","ocean_menu_typo_font_weight_tablet":"","ocean_menu_typo_font_weight_mobile":"","ocean_menu_typo_transform":"","ocean_menu_typo_transform_tablet":"","ocean_menu_typo_transform_mobile":"","ocean_menu_typo_line_height":0,"ocean_menu_typo_line_height_tablet":0,"ocean_menu_typo_line_height_mobile":0,"ocean_menu_typo_line_height_unit":"","ocean_menu_typo_spacing":0,"ocean_menu_typo_spacing_tablet":0,"ocean_menu_typo_spacing_mobile":0,"ocean_menu_typo_spacing_unit":"","ocean_menu_link_color":"","ocean_menu_link_color_hover":"","ocean_menu_link_color_active":"","ocean_menu_link_background":"","ocean_menu_link_hover_background":"","ocean_menu_link_active_background":"","ocean_menu_social_links_bg":"","ocean_menu_social_hover_links_bg":"","ocean_menu_social_links_color":"","ocean_menu_social_hover_links_color":"","ocean_disable_title":"default","ocean_disable_heading":"default","ocean_post_title":"","ocean_post_subheading":"","ocean_post_title_style":"","ocean_post_title_background_color":"","ocean_post_title_background":0,"ocean_post_title_bg_image_position":"","ocean_post_title_bg_image_attachment":"","ocean_post_title_bg_image_repeat":"","ocean_post_title_bg_image_size":"","ocean_post_title_height":0,"ocean_post_title_bg_overlay":0.5,"ocean_post_title_bg_overlay_color":"","ocean_disable_breadcrumbs":"default","ocean_breadcrumbs_color":"","ocean_breadcrumbs_separator_color":"","ocean_breadcrumbs_links_color":"","ocean_breadcrumbs_links_hover_color":"","ocean_display_footer_widgets":"default","ocean_display_footer_bottom":"default","ocean_custom_footer_template":"0","footnotes":""},"class_list":["post-2932","page","type-page","status-publish","hentry","entry"],"translation":{"provider":"WPGlobus","version":"3.0.2","language":"en","enabled_languages":["de","en"],"languages":{"de":{"title":true,"content":true,"excerpt":false},"en":{"title":true,"content":true,"excerpt":false}}},"_links":{"self":[{"href":"https:\/\/dietkirchen.info\/en\/wp-json\/wp\/v2\/pages\/2932","targetHints":{"allow":["GET"]}}],"collection":[{"href":"https:\/\/dietkirchen.info\/en\/wp-json\/wp\/v2\/pages"}],"about":[{"href":"https:\/\/dietkirchen.info\/en\/wp-json\/wp\/v2\/types\/page"}],"author":[{"embeddable":true,"href":"https:\/\/dietkirchen.info\/en\/wp-json\/wp\/v2\/users\/1"}],"replies":[{"embeddable":true,"href":"https:\/\/dietkirchen.info\/en\/wp-json\/wp\/v2\/comments?post=2932"}],"version-history":[{"count":0,"href":"https:\/\/dietkirchen.info\/en\/wp-json\/wp\/v2\/pages\/2932\/revisions"}],"wp:attachment":[{"href":"https:\/\/dietkirchen.info\/en\/wp-json\/wp\/v2\/media?parent=2932"}],"curies":[{"name":"wp","href":"https:\/\/api.w.org\/{rel}","templated":true}]}}