{"id":213,"date":"2019-12-29T16:22:56","date_gmt":"2019-12-29T16:22:56","guid":{"rendered":"http:\/\/dietkirchen.info\/?page_id=213"},"modified":"2021-03-27T11:36:42","modified_gmt":"2021-03-27T10:36:42","slug":"bevoelkerungsentwicklung-dietkirchen","status":"publish","type":"page","link":"https:\/\/dietkirchen.info\/en\/bevoelkerungsentwicklung-dietkirchen","title":{"rendered":"Population development of Dietkirchen"},"content":{"rendered":"<h1>Population development of Dietkirchen 1542 &#8211; today<\/h1>\n<p>The following table reflects the figures of the population development of Dietkirchen since 1542 until today. The graph illustrates this development.<\/p>\n<figure>\n\t\t\t\t\t\t\t\t\t\t\t<a href=\"http:\/\/dietkirchen.info\/wp-content\/uploads\/Bev\u00f6lkerungsentwicklung-Dietkirchen-1.jpg\" data-elementor-open-lightbox=\"yes\" data-elementor-lightbox-title=\"Bev\u00f6lkerungsentwicklung Dietkirchen\"><br \/>\n<img decoding=\"async\" src=\"https:\/\/dietkirchen.info\/wp-content\/uploads\/elementor\/thumbs\/Bev\u00f6lkerungsentwicklung-Dietkirchen-1-oq3dbcc05oe0qbtpms9ies6vt9dnfoo30y9e6aqux2.jpg\" title=\"Bev\u00f6lkerungsentwicklung Dietkirchen\" alt=\"Bev\u00f6lkerungsentwicklung Dietkirchen\">\t\t\t\t\t\t\t\t<\/a><figcaption>Population development Dietkirchen<\/figcaption><\/figure>\n<table style=\"border-collapse: collapse; width: 100%;\">\n<tbody>\n<tr>\n<td style=\"width: 50%; border-style: solid; border-color: #000000;\"><strong>&nbsp;Year<\/strong><\/td>\n<td style=\"width: 50%; border-style: solid; border-color: #000000;\"><strong>Population<\/strong><\/td>\n<\/tr>\n<tr>\n<td style=\"width: 50%;\">1542 <sub>(1)<\/sub><\/td>\n<td style=\"width: 50%;\">65-78<\/td>\n<\/tr>\n<tr>\n<td style=\"width: 50%;\">1548 <sub>(1)<\/sub><\/td>\n<td style=\"width: 50%;\">115-138<\/td>\n<\/tr>\n<tr>\n<td style=\"width: 50%;\">1564 <sub>(1)<\/sub><\/td>\n<td style=\"width: 50%;\">90-108<\/td>\n<\/tr>\n<tr>\n<td style=\"width: 50%;\">1674 <sub>(1)<\/sub><\/td>\n<td style=\"width: 50%;\">125-150<\/td>\n<\/tr>\n<tr>\n<td style=\"width: 50%;\">1675 <sub>(1)<\/sub><\/td>\n<td style=\"width: 50%;\">135-162<\/td>\n<\/tr>\n<tr>\n<td style=\"width: 50%;\">1676 <sub>(1)<\/sub><\/td>\n<td style=\"width: 50%;\">130-156<\/td>\n<\/tr>\n<tr>\n<td style=\"width: 50%;\">1677 <sub>(1)<\/sub><\/td>\n<td style=\"width: 50%;\">125-150<\/td>\n<\/tr>\n<tr>\n<td style=\"width: 50%;\">&nbsp;1730 <sub>(1)<\/sub><\/td>\n<td style=\"width: 50%;\">230-276<\/td>\n<\/tr>\n<tr>\n<td style=\"width: 50%;\">&nbsp;1743 <sub>(1)<\/sub><\/td>\n<td style=\"width: 50%;\">255-306<\/td>\n<\/tr>\n<tr>\n<td style=\"width: 50%;\">1765 <sub>(1)<\/sub><\/td>\n<td style=\"width: 50%;\">260-348<\/td>\n<\/tr>\n<tr>\n<td style=\"width: 50%;\">&nbsp;1770\/71 <sub>(1)<\/sub><\/td>\n<td style=\"width: 50%;\">295-354<\/td>\n<\/tr>\n<tr>\n<td style=\"width: 50%;\">&nbsp;1790 <sub>(1)<\/sub><\/td>\n<td style=\"width: 50%;\">300<\/td>\n<\/tr>\n<tr>\n<td style=\"width: 50%;\">&nbsp;1818 <sub>(1)<\/sub><\/td>\n<td style=\"width: 50%;\">334<\/td>\n<\/tr>\n<tr>\n<td style=\"width: 50%;\">&nbsp;1834 <sub>(2)<\/sub><\/td>\n<td style=\"width: 50%;\">462<\/td>\n<\/tr>\n<tr>\n<td style=\"width: 50%;\">&nbsp;1840 <sub>(2)<\/sub><\/td>\n<td style=\"width: 50%;\">494<\/td>\n<\/tr>\n<tr>\n<td style=\"width: 50%;\">&nbsp;1846 <sub>(2)<\/sub><\/td>\n<td style=\"width: 50%;\">522<\/td>\n<\/tr>\n<tr>\n<td style=\"width: 50%;\">&nbsp;1852 <sub>(2)<\/sub><\/td>\n<td style=\"width: 50%;\">543<\/td>\n<\/tr>\n<tr>\n<td style=\"width: 50%;\">&nbsp;1858 <sub>(2)<\/sub><\/td>\n<td style=\"width: 50%;\">560<\/td>\n<\/tr>\n<tr>\n<td style=\"width: 50%;\">&nbsp;1864 <sub>(2)<\/sub><\/td>\n<td style=\"width: 50%;\">607<\/td>\n<\/tr>\n<tr>\n<td style=\"width: 50%;\">&nbsp;1866 <sub>(1)<\/sub><\/td>\n<td style=\"width: 50%;\">587<\/td>\n<\/tr>\n<tr>\n<td style=\"width: 50%;\">&nbsp;1871 <sub>(2)<\/sub><\/td>\n<td style=\"width: 50%;\">658<\/td>\n<\/tr>\n<tr>\n<td style=\"width: 50%;\">&nbsp;1875 <sub>(2)<\/sub><\/td>\n<td style=\"width: 50%;\">678<\/td>\n<\/tr>\n<tr>\n<td style=\"width: 50%;\">&nbsp;1885 <sub>(2)<\/sub><\/td>\n<td style=\"width: 50%;\">694<\/td>\n<\/tr>\n<tr>\n<td style=\"width: 50%;\">&nbsp;1895 <sub>(2)<\/sub><\/td>\n<td style=\"width: 50%;\">672<\/td>\n<\/tr>\n<tr>\n<td style=\"width: 50%;\">&nbsp;1905 <sub>(2)<\/sub><\/td>\n<td style=\"width: 50%;\">753<\/td>\n<\/tr>\n<tr>\n<td style=\"width: 50%;\">&nbsp;1910 <sub>(2)<\/sub><\/td>\n<td style=\"width: 50%;\">794<\/td>\n<\/tr>\n<tr>\n<td style=\"width: 50%;\">&nbsp;1925 <sub>(2)<\/sub><\/td>\n<td style=\"width: 50%;\">782<\/td>\n<\/tr>\n<tr>\n<td style=\"width: 50%;\">&nbsp;1939 <sub>(2)<\/sub><\/td>\n<td style=\"width: 50%;\">803<\/td>\n<\/tr>\n<tr>\n<td style=\"width: 50%;\">&nbsp;1946 <sub>(2)<\/sub><\/td>\n<td style=\"width: 50%;\">1002<\/td>\n<\/tr>\n<tr>\n<td style=\"width: 50%;\">&nbsp;1950 <sub>(2)<\/sub><\/td>\n<td style=\"width: 50%;\">1010<\/td>\n<\/tr>\n<tr>\n<td style=\"width: 50%;\">1961 <sub>(2)<\/sub><\/td>\n<td style=\"width: 50%;\">1051<\/td>\n<\/tr>\n<tr>\n<td style=\"width: 50%;\">&nbsp;1967 <sub>(2)<\/sub><\/td>\n<td style=\"width: 50%;\">1107<\/td>\n<\/tr>\n<tr>\n<td style=\"width: 50%;\">&nbsp;1970 <sub>(2)<\/sub><\/td>\n<td style=\"width: 50%;\">1193<\/td>\n<\/tr>\n<tr>\n<td style=\"width: 50%;\">&nbsp;1974 <sub>(2)<\/sub><\/td>\n<td style=\"width: 50%;\">1122<\/td>\n<\/tr>\n<tr>\n<td style=\"width: 50%;\">&nbsp;1987 <sub>(2)<\/sub><\/td>\n<td style=\"width: 50%;\">1503<\/td>\n<\/tr>\n<tr>\n<td style=\"width: 50%;\">&nbsp;1994 <sub>(3)<\/sub><\/td>\n<td style=\"width: 50%;\">1644<\/td>\n<\/tr>\n<tr>\n<td style=\"width: 50%;\">2011 <sub>(4)<\/sub><\/td>\n<td style=\"width: 50%;\">1619<\/td>\n<\/tr>\n<tr>\n<td style=\"width: 50%;\">&nbsp;2019 <sub>(5)<\/sub><\/td>\n<td style=\"width: 50%;\">1724<\/td>\n<\/tr>\n<\/tbody>\n<\/table>\n<p><sub>(1) <\/sub><sub>Frau Dr. Marie-Luise Crone, Geschichte eines Dorfes im Schatten des St. Lubentiusstiftes Dietkirchen (ISBN-Nr 3-9802789-0-5), S. 55-57<br \/>\n(2) https:\/\/www.lagis-hessen.de\/de\/subjects\/rsrec\/sn\/ol\/register\/ort\/entry\/533009020:dietkirchen<br \/>\n(3) Hessischer St\u00e4dteatlas, Lieferung I,6, Limburg an der Lahn, Marburg 2005, Hessisches Landesamt f\u00fcr geschichtliche Landeskunde<br \/>\n<\/sub> <sub>(4) Hessisches Statistisches Landesamt, Kennziffer: FO\/GWZ 2011 &#8211; 4 Oktober 2014, Ausgew\u00e4hlte Strukturdaten \u00fcber Geb\u00e4ude und Wohnungen am 9. Mai 2011 in den hessischen Gemeinden und Gemeindeteilen, Endg\u00fcltige Ergebnisse der Geb\u00e4ude- und Wohnungsz\u00e4hlung 2011, Heft 2 Regierungsbezirk Gie\u00dfen<\/sub><br \/>\n<sub>(5) www.limburg.de (Stand 29.12.2019) <\/sub><sub>September 2019, Quelle: Einwohnermeldeamt Stadt Limburg<\/sub><\/p>\n","protected":false},"excerpt":{"rendered":"<p>Population development of Dietkirchen 1542 &#8211; today The following table reflects the figures of the population development of Dietkirchen since 1542 until today. The graph illustrates this development. Population development [&hellip;]<\/p>\n","protected":false},"author":1,"featured_media":0,"parent":0,"menu_order":0,"comment_status":"closed","ping_status":"closed","template":"","meta":{"ngg_post_thumbnail":0,"ocean_post_layout":"","ocean_both_sidebars_style":"","ocean_both_sidebars_content_width":0,"ocean_both_sidebars_sidebars_width":0,"ocean_sidebar":"0","ocean_second_sidebar":"0","ocean_disable_margins":"enable","ocean_add_body_class":"","ocean_shortcode_before_top_bar":"","ocean_shortcode_after_top_bar":"","ocean_shortcode_before_header":"","ocean_shortcode_after_header":"","ocean_has_shortcode":"","ocean_shortcode_after_title":"","ocean_shortcode_before_footer_widgets":"","ocean_shortcode_after_footer_widgets":"","ocean_shortcode_before_footer_bottom":"","ocean_shortcode_after_footer_bottom":"","ocean_display_top_bar":"default","ocean_display_header":"default","ocean_header_style":"","ocean_center_header_left_menu":"0","ocean_custom_header_template":"0","ocean_custom_logo":0,"ocean_custom_retina_logo":0,"ocean_custom_logo_max_width":0,"ocean_custom_logo_tablet_max_width":0,"ocean_custom_logo_mobile_max_width":0,"ocean_custom_logo_max_height":0,"ocean_custom_logo_tablet_max_height":0,"ocean_custom_logo_mobile_max_height":0,"ocean_header_custom_menu":"0","ocean_menu_typo_font_family":"0","ocean_menu_typo_font_subset":"","ocean_menu_typo_font_size":0,"ocean_menu_typo_font_size_tablet":0,"ocean_menu_typo_font_size_mobile":0,"ocean_menu_typo_font_size_unit":"px","ocean_menu_typo_font_weight":"","ocean_menu_typo_font_weight_tablet":"","ocean_menu_typo_font_weight_mobile":"","ocean_menu_typo_transform":"","ocean_menu_typo_transform_tablet":"","ocean_menu_typo_transform_mobile":"","ocean_menu_typo_line_height":0,"ocean_menu_typo_line_height_tablet":0,"ocean_menu_typo_line_height_mobile":0,"ocean_menu_typo_line_height_unit":"","ocean_menu_typo_spacing":0,"ocean_menu_typo_spacing_tablet":0,"ocean_menu_typo_spacing_mobile":0,"ocean_menu_typo_spacing_unit":"","ocean_menu_link_color":"","ocean_menu_link_color_hover":"","ocean_menu_link_color_active":"","ocean_menu_link_background":"","ocean_menu_link_hover_background":"","ocean_menu_link_active_background":"","ocean_menu_social_links_bg":"","ocean_menu_social_hover_links_bg":"","ocean_menu_social_links_color":"","ocean_menu_social_hover_links_color":"","ocean_disable_title":"default","ocean_disable_heading":"default","ocean_post_title":"","ocean_post_subheading":"","ocean_post_title_style":"","ocean_post_title_background_color":"","ocean_post_title_background":0,"ocean_post_title_bg_image_position":"","ocean_post_title_bg_image_attachment":"","ocean_post_title_bg_image_repeat":"","ocean_post_title_bg_image_size":"","ocean_post_title_height":0,"ocean_post_title_bg_overlay":0.5,"ocean_post_title_bg_overlay_color":"","ocean_disable_breadcrumbs":"default","ocean_breadcrumbs_color":"","ocean_breadcrumbs_separator_color":"","ocean_breadcrumbs_links_color":"","ocean_breadcrumbs_links_hover_color":"","ocean_display_footer_widgets":"default","ocean_display_footer_bottom":"default","ocean_custom_footer_template":"0","footnotes":""},"class_list":["post-213","page","type-page","status-publish","hentry","entry"],"translation":{"provider":"WPGlobus","version":"3.0.2","language":"en","enabled_languages":["de","en"],"languages":{"de":{"title":true,"content":true,"excerpt":false},"en":{"title":true,"content":true,"excerpt":false}}},"_links":{"self":[{"href":"https:\/\/dietkirchen.info\/en\/wp-json\/wp\/v2\/pages\/213","targetHints":{"allow":["GET"]}}],"collection":[{"href":"https:\/\/dietkirchen.info\/en\/wp-json\/wp\/v2\/pages"}],"about":[{"href":"https:\/\/dietkirchen.info\/en\/wp-json\/wp\/v2\/types\/page"}],"author":[{"embeddable":true,"href":"https:\/\/dietkirchen.info\/en\/wp-json\/wp\/v2\/users\/1"}],"replies":[{"embeddable":true,"href":"https:\/\/dietkirchen.info\/en\/wp-json\/wp\/v2\/comments?post=213"}],"version-history":[{"count":0,"href":"https:\/\/dietkirchen.info\/en\/wp-json\/wp\/v2\/pages\/213\/revisions"}],"wp:attachment":[{"href":"https:\/\/dietkirchen.info\/en\/wp-json\/wp\/v2\/media?parent=213"}],"curies":[{"name":"wp","href":"https:\/\/api.w.org\/{rel}","templated":true}]}}